{"id":1414,"date":"2016-02-12T07:54:41","date_gmt":"2016-02-12T07:54:41","guid":{"rendered":"http:\/\/demos.famethemes.com\/onepress\/?page_id=4"},"modified":"2026-01-30T18:24:02","modified_gmt":"2026-01-30T17:24:02","slug":"sprava-it","status":"publish","type":"page","link":"https:\/\/www.itsimple.cz\/","title":{"rendered":"Spravujeme IT"},"content":{"rendered":"\n<p class=\"wp-block-paragraph\">Va\u0161e IT v\u00a0bezpe\u010d\u00ed a v souladu s\u00a0trendy<\/p>\n\n\n\n<p class=\"wp-block-paragraph\">V\u011bnujte se sv\u00e9mu podnik\u00e1n\u00ed,\u00a0<strong>IT nechte na n\u00e1s<\/strong>.<br> Jednodu\u0161e.<\/p>\n\n\n\n<p class=\"wp-block-paragraph\"><a href=\"http:\/\/www.itsimple.cz\/#kontakt\">Make Your IT simple!<\/a><\/p>\n\n\n\n<p class=\"wp-block-paragraph\"><\/p>\n","protected":false},"excerpt":{"rendered":"<p>Va\u0161e IT v\u00a0bezpe\u010d\u00ed a v souladu s\u00a0trendy V\u011bnujte se sv\u00e9mu podnik\u00e1n\u00ed,\u00a0IT nechte na n\u00e1s. Jednodu\u0161e. Make Your IT simple!<\/p>\n","protected":false},"author":1,"featured_media":0,"parent":0,"menu_order":0,"comment_status":"closed","ping_status":"closed","template":"template-frontpage.php","meta":{"_eb_attr":"","_crdt_document":"","_uag_custom_page_level_css":"","_themeisle_gutenberg_block_has_review":false,"footnotes":""},"class_list":["post-1414","page","type-page","status-publish","hentry"],"uagb_featured_image_src":{"full":false,"thumbnail":false,"medium":false,"medium_large":false,"large":false,"1536x1536":false,"2048x2048":false,"onepress-blog-small":false,"onepress-small":false,"onepress-medium":false},"uagb_author_info":{"display_name":"jan.pilar","author_link":"https:\/\/www.itsimple.cz\/?author=1"},"uagb_comment_info":0,"uagb_excerpt":"Va\u0161e IT v\u00a0bezpe\u010d\u00ed a v souladu s\u00a0trendy V\u011bnujte se sv\u00e9mu podnik\u00e1n\u00ed,\u00a0IT nechte na n\u00e1s. Jednodu\u0161e. Make Your IT simple!","_links":{"self":[{"href":"https:\/\/www.itsimple.cz\/index.php?rest_route=\/wp\/v2\/pages\/1414","targetHints":{"allow":["GET"]}}],"collection":[{"href":"https:\/\/www.itsimple.cz\/index.php?rest_route=\/wp\/v2\/pages"}],"about":[{"href":"https:\/\/www.itsimple.cz\/index.php?rest_route=\/wp\/v2\/types\/page"}],"author":[{"embeddable":true,"href":"https:\/\/www.itsimple.cz\/index.php?rest_route=\/wp\/v2\/users\/1"}],"replies":[{"embeddable":true,"href":"https:\/\/www.itsimple.cz\/index.php?rest_route=%2Fwp%2Fv2%2Fcomments&post=1414"}],"version-history":[{"count":6,"href":"https:\/\/www.itsimple.cz\/index.php?rest_route=\/wp\/v2\/pages\/1414\/revisions"}],"predecessor-version":[{"id":2591,"href":"https:\/\/www.itsimple.cz\/index.php?rest_route=\/wp\/v2\/pages\/1414\/revisions\/2591"}],"wp:attachment":[{"href":"https:\/\/www.itsimple.cz\/index.php?rest_route=%2Fwp%2Fv2%2Fmedia&parent=1414"}],"curies":[{"name":"wp","href":"https:\/\/api.w.org\/{rel}","templated":true}]}}